{"id":454,"date":"2026-04-09T04:37:34","date_gmt":"2026-04-09T04:37:34","guid":{"rendered":"https:\/\/kawiglobal.com\/?page_id=454"},"modified":"2026-04-09T04:39:47","modified_gmt":"2026-04-09T04:39:47","slug":"politica-de-privacidad","status":"publish","type":"page","link":"https:\/\/kawiglobal.com\/en\/politica-de-privacidad\/","title":{"rendered":"PRIVACY POLICY"},"content":{"rendered":"<style>.elementor-454 .elementor-element.elementor-element-98dd51b{--display:flex;--flex-direction:row;--container-widget-width:initial;--container-widget-height:100%;--container-widget-flex-grow:1;--container-widget-align-self:stretch;--flex-wrap-mobile:wrap;--gap:0px 0px;--row-gap:0px;--column-gap:0px;}.elementor-454 .elementor-element.elementor-element-98dd51b:not(.elementor-motion-effects-element-type-background), .elementor-454 .elementor-element.elementor-element-98dd51b > .elementor-motion-effects-container > .elementor-motion-effects-layer{background-color:#FFFFFF;}.elementor-454 .elementor-element.elementor-element-f512954{--display:flex;--flex-direction:column;--container-widget-width:100%;--container-widget-height:initial;--container-widget-flex-grow:0;--container-widget-align-self:initial;--flex-wrap-mobile:wrap;}.elementor-454 .elementor-element.elementor-element-d6654db .elementskit-section-title-wraper .elementskit-section-title{color:#012811;margin:0px 0px 0px 0px;font-family:\"Montserrat\", Sans-serif;font-size:38px;font-weight:500;text-transform:none;text-decoration:none;line-height:42px;}.elementor-454 .elementor-element.elementor-element-d6654db .elementskit-section-title-wraper .elementskit-section-title:hover{color:var( --e-global-color-c906346 );}.elementor-454 .elementor-element.elementor-element-d6654db .elementskit-section-title-wraper .elementskit-section-title > span{color:var( --e-global-color-c906346 );padding:0px 0px 0px 0px;}.elementor-454 .elementor-element.elementor-element-d6654db .elementskit-section-title-wraper .elementskit-section-title:hover > span{color:var( --e-global-color-c906346 );}.elementor-454 .elementor-element.elementor-element-d6654db .elementskit-section-title-wraper .elementskit-section-title span:last-child, .elementor-454 .elementor-element.elementor-element-d6654db .elementskit-section-title-wraper .elementskit-section-title > span{font-family:var( --e-global-typography-4bacfc4-font-family ), Sans-serif;font-size:var( --e-global-typography-4bacfc4-font-size );font-weight:var( --e-global-typography-4bacfc4-font-weight );text-transform:var( --e-global-typography-4bacfc4-text-transform );text-decoration:var( --e-global-typography-4bacfc4-text-decoration );line-height:var( --e-global-typography-4bacfc4-line-height );letter-spacing:var( --e-global-typography-4bacfc4-letter-spacing );word-spacing:var( --e-global-typography-4bacfc4-word-spacing );}.elementor-454 .elementor-element.elementor-element-d6654db{width:var( --container-widget-width, 1200px );max-width:1200px;--container-widget-width:1200px;--container-widget-flex-grow:0;}.elementor-454 .elementor-element.elementor-element-2004d74{column-gap:0px;text-align:start;color:#000000;width:100%;max-width:100%;}body.elementor-page-454:not(.elementor-motion-effects-element-type-background), body.elementor-page-454 > .elementor-motion-effects-container > .elementor-motion-effects-layer{background-color:#f5f0e7;}@media(max-width:1024px){.elementor-454 .elementor-element.elementor-element-d6654db .elementskit-section-title-wraper .elementskit-section-title span:last-child, .elementor-454 .elementor-element.elementor-element-d6654db .elementskit-section-title-wraper .elementskit-section-title > span{font-size:var( --e-global-typography-4bacfc4-font-size );line-height:var( --e-global-typography-4bacfc4-line-height );letter-spacing:var( --e-global-typography-4bacfc4-letter-spacing );word-spacing:var( --e-global-typography-4bacfc4-word-spacing );}}@media(max-width:767px){.elementor-454 .elementor-element.elementor-element-98dd51b{--padding-top:0px;--padding-bottom:0px;--padding-left:0px;--padding-right:0px;}.elementor-454 .elementor-element.elementor-element-d6654db .elementskit-section-title-wraper .elementskit-section-title{font-size:32px;line-height:36px;}.elementor-454 .elementor-element.elementor-element-d6654db .elementskit-section-title-wraper .elementskit-section-title span:last-child, .elementor-454 .elementor-element.elementor-element-d6654db .elementskit-section-title-wraper .elementskit-section-title > span{font-size:var( --e-global-typography-4bacfc4-font-size );line-height:var( --e-global-typography-4bacfc4-line-height );letter-spacing:var( --e-global-typography-4bacfc4-letter-spacing );word-spacing:var( --e-global-typography-4bacfc4-word-spacing );}.elementor-454 .elementor-element.elementor-element-2004d74{text-align:center;}}@media(min-width:768px){.elementor-454 .elementor-element.elementor-element-f512954{--width:100%;}}<\/style>\t\t<div data-elementor-type=\"wp-page\" data-elementor-id=\"454\" class=\"elementor elementor-454\" data-elementor-post-type=\"page\">\n\t\t\t\t<div class=\"elementor-element elementor-element-98dd51b e-flex e-con-boxed e-con e-parent\" data-id=\"98dd51b\" data-element_type=\"container\" data-e-type=\"container\" id=\"nosotros\" data-settings=\"{&quot;background_background&quot;:&quot;classic&quot;}\">\n\t\t\t\t\t<div class=\"e-con-inner\">\n\t\t<div class=\"elementor-element elementor-element-f512954 e-con-full e-flex e-con e-child\" data-id=\"f512954\" data-element_type=\"container\" data-e-type=\"container\">\n\t\t\t\t<div class=\"elementor-element elementor-element-d6654db elementor-widget__width-initial elementor-invisible elementor-widget elementor-widget-elementskit-heading\" data-id=\"d6654db\" data-element_type=\"widget\" data-e-type=\"widget\" data-settings=\"{&quot;_animation&quot;:&quot;fadeInUp&quot;}\" data-widget_type=\"elementskit-heading.default\">\n\t\t\t\t\t<div class=\"ekit-wid-con\" ><div class=\"ekit-heading elementskit-section-title-wraper text_left   ekit_heading_tablet-text_center   ekit_heading_mobile-\"><h2 class=\"ekit-heading--title elementskit-section-title\">PRIVACY POLICY<\/h2><\/div><\/div>\t\t\t\t<\/div>\n\t\t\t\t<div class=\"elementor-element elementor-element-2004d74 elementor-widget__width-inherit elementor-widget elementor-widget-text-editor\" data-id=\"2004d74\" data-element_type=\"widget\" data-e-type=\"widget\" data-widget_type=\"text-editor.default\">\n\t\t\t\t\t\t\t\t\t<p class=\"isSelectedEnd\"><strong>Kawi Global Sourcing, LLC<\/strong><br \/>Last updated: April 2026<\/p><div contenteditable=\"false\"><hr \/><\/div><h3>1. Information we collect<\/h3><p class=\"isSelectedEnd\">We collect business information that you voluntarily provide through forms on our website, including:<\/p><ul data-spread=\"false\"><li>Name<\/li><li>Company name<\/li><li>Email<\/li><li>Phone number<\/li><li>Any additional information provided in inquiries<\/li><\/ul><p class=\"isSelectedEnd\">This information is used solely for commercial communication and to facilitate our sourcing and marketing services.<\/p><div contenteditable=\"false\"><hr \/><\/div><h3>2. Legal basis for processing<\/h3><p class=\"isSelectedEnd\">We process your information based on:<\/p><ul data-spread=\"false\"><li><strong>Contractual need<\/strong>: to answer inquiries and manage business relationships<\/li><li><strong>Legitimate interest<\/strong>: to communicate with potential clients and partners within a B2B environment<\/li><\/ul><div contenteditable=\"false\"><hr \/><\/div><h3>3. Use of information<\/h3><p class=\"isSelectedEnd\">The information collected is used for:<\/p><ul data-spread=\"false\"><li>Answer inquiries and requests<\/li><li>Provide information about our services<\/li><li>Coordinate supply and logistics operations<\/li><li>Improve our website and communication processes<\/li><\/ul><p class=\"isSelectedEnd\">We do not sell, rent, or share your personal information with third parties for commercial purposes.<\/p><div contenteditable=\"false\"><hr \/><\/div><h3>4. Data sharing<\/h3><p class=\"isSelectedEnd\">We may share information only when necessary with:<\/p><ul data-spread=\"false\"><li>Strategic partners involved in supply and logistics processes<\/li><li>Service providers that support website operation and communications<\/li><\/ul><p class=\"isSelectedEnd\">All sharing is strictly limited to what is necessary to operate our services.<\/p><div contenteditable=\"false\"><hr \/><\/div><h3>5. Cookies and tracking technologies<\/h3><p class=\"isSelectedEnd\">Our website may use cookies and similar technologies to:<\/p><ul data-spread=\"false\"><li>Improve the user experience<\/li><li>Analyze website traffic<\/li><li>Understanding user interaction<\/li><\/ul><p class=\"isSelectedEnd\">By browsing our site, you agree to the use of cookies. You can configure your browser to disable them if you wish.<\/p><div contenteditable=\"false\"><hr \/><\/div><h3>6. User Rights (CCPA \/ GDPR)<\/h3><p class=\"isSelectedEnd\">Depending on your location, you may be entitled to:<\/p><ul data-spread=\"false\"><li>Access your personal data<\/li><li>Request correction or deletion<\/li><li>To object to certain data processing<\/li><\/ul><p class=\"isSelectedEnd\">To exercise these rights, you can contact us at:<br \/><a href=\"mailto:info@kawiglobal.com\"><strong>info@kawiglobal.com<\/strong><\/a><\/p><div contenteditable=\"false\"><hr \/><\/div><h3>7. Information Security<\/h3><p class=\"isSelectedEnd\">We implement appropriate technical and organizational measures to protect your information, including:<\/p><ul data-spread=\"false\"><li>SSL Certificate (HTTPS)<\/li><li>Secure hosting environments<\/li><li>Restricted access to information<\/li><\/ul><p class=\"isSelectedEnd\">However, no system is completely secure, so we cannot guarantee absolute security.<\/p><div contenteditable=\"false\"><hr \/><\/div><h3>8. Links to third parties<\/h3><p class=\"isSelectedEnd\">Our website may contain links to external sites. We are not responsible for the privacy practices or content of those sites.<\/p><div contenteditable=\"false\"><hr \/><\/div><h3>9. Changes to this policy<\/h3><p class=\"isSelectedEnd\">We reserve the right to update this Privacy Policy at any time. Changes will be posted on this page.<\/p><div contenteditable=\"false\"><hr \/><\/div><h3>10. Contact information<\/h3><p class=\"isSelectedEnd\">If you have any questions about this Privacy Policy, you can contact us:<\/p><p><strong>Kawi Global Sourcing, LLC<\/strong><br \/>\ud83d\udccd 150 SE 2nd Ave STE 1403 #6374 Miami, Florida, 33131, United States<br \/>\ud83d\udcde (305) 686-9197<br \/>\ud83d\udce7 <a href=\"mailto:info@kawiglobal.com\">info@kawiglobal.com<\/a><\/p>\t\t\t\t\t\t\t\t<\/div>\n\t\t\t\t<\/div>\n\t\t\t\t\t<\/div>\n\t\t\t\t<\/div>\n\t\t\t\t<\/div>","protected":false},"excerpt":{"rendered":"<p>POL\u00cdTICA DE PRIVACIDAD Kawi Global Sourcing, LLC\u00daltima actualizaci\u00f3n: Abril 2026 1. Informaci\u00f3n que recopilamos Recopilamos informaci\u00f3n de car\u00e1cter empresarial que usted proporciona voluntariamente a trav\u00e9s de los formularios de nuestro sitio web, incluyendo: Nombre Nombre de la empresa Correo electr\u00f3nico N\u00famero de tel\u00e9fono Cualquier informaci\u00f3n adicional proporcionada en consultas Esta informaci\u00f3n se utiliza \u00fanicamente para [&hellip;]<\/p>\n","protected":false},"author":1,"featured_media":0,"parent":0,"menu_order":0,"comment_status":"closed","ping_status":"closed","template":"","meta":{"footnotes":""},"class_list":["post-454","page","type-page","status-publish","hentry"],"_links":{"self":[{"href":"https:\/\/kawiglobal.com\/en\/wp-json\/wp\/v2\/pages\/454","targetHints":{"allow":["GET"]}}],"collection":[{"href":"https:\/\/kawiglobal.com\/en\/wp-json\/wp\/v2\/pages"}],"about":[{"href":"https:\/\/kawiglobal.com\/en\/wp-json\/wp\/v2\/types\/page"}],"author":[{"embeddable":true,"href":"https:\/\/kawiglobal.com\/en\/wp-json\/wp\/v2\/users\/1"}],"replies":[{"embeddable":true,"href":"https:\/\/kawiglobal.com\/en\/wp-json\/wp\/v2\/comments?post=454"}],"version-history":[{"count":4,"href":"https:\/\/kawiglobal.com\/en\/wp-json\/wp\/v2\/pages\/454\/revisions"}],"predecessor-version":[{"id":458,"href":"https:\/\/kawiglobal.com\/en\/wp-json\/wp\/v2\/pages\/454\/revisions\/458"}],"wp:attachment":[{"href":"https:\/\/kawiglobal.com\/en\/wp-json\/wp\/v2\/media?parent=454"}],"curies":[{"name":"wp","href":"https:\/\/api.w.org\/{rel}","templated":true}]}}