{"id":460,"date":"2026-04-09T04:41:29","date_gmt":"2026-04-09T04:41:29","guid":{"rendered":"https:\/\/kawiglobal.com\/?page_id=460"},"modified":"2026-04-09T04:43:13","modified_gmt":"2026-04-09T04:43:13","slug":"terminos-y-condiciones","status":"publish","type":"page","link":"https:\/\/kawiglobal.com\/en\/terminos-y-condiciones\/","title":{"rendered":"TERMS AND CONDITIONS"},"content":{"rendered":"<style>.elementor-460 .elementor-element.elementor-element-98dd51b{--display:flex;--flex-direction:row;--container-widget-width:initial;--container-widget-height:100%;--container-widget-flex-grow:1;--container-widget-align-self:stretch;--flex-wrap-mobile:wrap;--gap:0px 0px;--row-gap:0px;--column-gap:0px;}.elementor-460 .elementor-element.elementor-element-98dd51b:not(.elementor-motion-effects-element-type-background), .elementor-460 .elementor-element.elementor-element-98dd51b > .elementor-motion-effects-container > .elementor-motion-effects-layer{background-color:#FFFFFF;}.elementor-460 .elementor-element.elementor-element-f512954{--display:flex;--flex-direction:column;--container-widget-width:100%;--container-widget-height:initial;--container-widget-flex-grow:0;--container-widget-align-self:initial;--flex-wrap-mobile:wrap;}.elementor-460 .elementor-element.elementor-element-d6654db .elementskit-section-title-wraper .elementskit-section-title{color:#012811;margin:0px 0px 0px 0px;font-family:\"Montserrat\", Sans-serif;font-size:38px;font-weight:500;text-transform:none;text-decoration:none;line-height:42px;}.elementor-460 .elementor-element.elementor-element-d6654db .elementskit-section-title-wraper .elementskit-section-title:hover{color:var( --e-global-color-c906346 );}.elementor-460 .elementor-element.elementor-element-d6654db .elementskit-section-title-wraper .elementskit-section-title > span{color:var( --e-global-color-c906346 );padding:0px 0px 0px 0px;}.elementor-460 .elementor-element.elementor-element-d6654db .elementskit-section-title-wraper .elementskit-section-title:hover > span{color:var( --e-global-color-c906346 );}.elementor-460 .elementor-element.elementor-element-d6654db .elementskit-section-title-wraper .elementskit-section-title span:last-child, .elementor-460 .elementor-element.elementor-element-d6654db .elementskit-section-title-wraper .elementskit-section-title > span{font-family:var( --e-global-typography-4bacfc4-font-family ), Sans-serif;font-size:var( --e-global-typography-4bacfc4-font-size );font-weight:var( --e-global-typography-4bacfc4-font-weight );text-transform:var( --e-global-typography-4bacfc4-text-transform );text-decoration:var( --e-global-typography-4bacfc4-text-decoration );line-height:var( --e-global-typography-4bacfc4-line-height );letter-spacing:var( --e-global-typography-4bacfc4-letter-spacing );word-spacing:var( --e-global-typography-4bacfc4-word-spacing );}.elementor-460 .elementor-element.elementor-element-d6654db{width:var( --container-widget-width, 1200px );max-width:1200px;--container-widget-width:1200px;--container-widget-flex-grow:0;}.elementor-460 .elementor-element.elementor-element-2004d74{column-gap:0px;text-align:start;color:#000000;width:100%;max-width:100%;}body.elementor-page-460:not(.elementor-motion-effects-element-type-background), body.elementor-page-460 > .elementor-motion-effects-container > .elementor-motion-effects-layer{background-color:#f5f0e7;}@media(max-width:1024px){.elementor-460 .elementor-element.elementor-element-d6654db .elementskit-section-title-wraper .elementskit-section-title span:last-child, .elementor-460 .elementor-element.elementor-element-d6654db .elementskit-section-title-wraper .elementskit-section-title > span{font-size:var( --e-global-typography-4bacfc4-font-size );line-height:var( --e-global-typography-4bacfc4-line-height );letter-spacing:var( --e-global-typography-4bacfc4-letter-spacing );word-spacing:var( --e-global-typography-4bacfc4-word-spacing );}}@media(max-width:767px){.elementor-460 .elementor-element.elementor-element-98dd51b{--padding-top:0px;--padding-bottom:0px;--padding-left:0px;--padding-right:0px;}.elementor-460 .elementor-element.elementor-element-d6654db .elementskit-section-title-wraper .elementskit-section-title{font-size:32px;line-height:36px;}.elementor-460 .elementor-element.elementor-element-d6654db .elementskit-section-title-wraper .elementskit-section-title span:last-child, .elementor-460 .elementor-element.elementor-element-d6654db .elementskit-section-title-wraper .elementskit-section-title > span{font-size:var( --e-global-typography-4bacfc4-font-size );line-height:var( --e-global-typography-4bacfc4-line-height );letter-spacing:var( --e-global-typography-4bacfc4-letter-spacing );word-spacing:var( --e-global-typography-4bacfc4-word-spacing );}.elementor-460 .elementor-element.elementor-element-2004d74{text-align:center;}}@media(min-width:768px){.elementor-460 .elementor-element.elementor-element-f512954{--width:100%;}}<\/style>\t\t<div data-elementor-type=\"wp-page\" data-elementor-id=\"460\" class=\"elementor elementor-460\" data-elementor-post-type=\"page\">\n\t\t\t\t<div class=\"elementor-element elementor-element-98dd51b e-flex e-con-boxed e-con e-parent\" data-id=\"98dd51b\" data-element_type=\"container\" data-e-type=\"container\" id=\"nosotros\" data-settings=\"{&quot;background_background&quot;:&quot;classic&quot;}\">\n\t\t\t\t\t<div class=\"e-con-inner\">\n\t\t<div class=\"elementor-element elementor-element-f512954 e-con-full e-flex e-con e-child\" data-id=\"f512954\" data-element_type=\"container\" data-e-type=\"container\">\n\t\t\t\t<div class=\"elementor-element elementor-element-d6654db elementor-widget__width-initial elementor-invisible elementor-widget elementor-widget-elementskit-heading\" data-id=\"d6654db\" data-element_type=\"widget\" data-e-type=\"widget\" data-settings=\"{&quot;_animation&quot;:&quot;fadeInUp&quot;}\" data-widget_type=\"elementskit-heading.default\">\n\t\t\t\t\t<div class=\"ekit-wid-con\" ><div class=\"ekit-heading elementskit-section-title-wraper text_left   ekit_heading_tablet-text_center   ekit_heading_mobile-\"><h2 class=\"ekit-heading--title elementskit-section-title\">TERMS AND CONDITIONS<\/h2><\/div><\/div>\t\t\t\t<\/div>\n\t\t\t\t<div class=\"elementor-element elementor-element-2004d74 elementor-widget__width-inherit elementor-widget elementor-widget-text-editor\" data-id=\"2004d74\" data-element_type=\"widget\" data-e-type=\"widget\" data-widget_type=\"text-editor.default\">\n\t\t\t\t\t\t\t\t\t<p class=\"isSelectedEnd\"><strong>Kawi Global Sourcing, LLC<\/strong><br \/>Last updated: April 2026<\/p><div contenteditable=\"false\"><hr \/><\/div><h3>1. Acceptance of the terms<\/h3><p class=\"isSelectedEnd\">By accessing and using this website, you agree to comply with these Terms and Conditions. If you do not agree with any of them, we recommend that you do not use this site.<\/p><div contenteditable=\"false\"><hr \/><\/div><h3>2. Nature of the service<\/h3><p class=\"isSelectedEnd\">Kawi Global Sourcing, LLC is a company dedicated to commercial intermediation, supply and logistical coordination of agricultural and food products under a B2B model.<\/p><p class=\"isSelectedEnd\">We are not direct producers of the products offered, but we work with a network of certified farmers, packers and suppliers.<\/p><div contenteditable=\"false\"><hr \/><\/div><h3>3. Use of the website<\/h3><p class=\"isSelectedEnd\">The user agrees to:<\/p><ul data-spread=\"false\"><li>Use the site only for legal and legitimate business purposes<\/li><li>Do not engage in activities that may affect the operation of the site<\/li><li>Do not attempt to access restricted information or internal systems.<\/li><\/ul><p class=\"isSelectedEnd\">We reserve the right to restrict access to users who violate these conditions.<\/p><div contenteditable=\"false\"><hr \/><\/div><h3>4. Site Information<\/h3><p class=\"isSelectedEnd\">The information presented on this website is for informational and commercial purposes. Although we strive to keep it up to date, we do not guarantee that all information is complete, accurate, or error-free.<\/p><div contenteditable=\"false\"><hr \/><\/div><h3>5. Quotations and commercial agreements<\/h3><p class=\"isSelectedEnd\">All quotes, prices, logistics conditions and commercial agreements:<\/p><ul data-spread=\"false\"><li>Subject to availability<\/li><li>They may vary depending on market conditions<\/li><li>They require formal confirmation through a contract or written agreement<\/li><\/ul><p class=\"isSelectedEnd\">No information published on the site constitutes a binding offer.<\/p><div contenteditable=\"false\"><hr \/><\/div><h3>6. Product Responsibility<\/h3><p class=\"isSelectedEnd\">Kawi Global acts as an intermediary in the supply chain. Responsibility for the production, quality, and regulatory compliance of the product lies with the suppliers and packers.<\/p><p class=\"isSelectedEnd\">However, we work exclusively with partners that meet international standards such as FDA and PACA.<\/p><div contenteditable=\"false\"><hr \/><\/div><h3>7. Logistics and deliveries<\/h3><p class=\"isSelectedEnd\">Delivery times, transport conditions and logistics depend on third parties (shipping companies, land transport, logistics operators).<\/p><p class=\"isSelectedEnd\">We do not guarantee exact delivery times, although we are committed to coordinating efficient and reliable operations.<\/p><div contenteditable=\"false\"><hr \/><\/div><h3>8. Regulatory compliance<\/h3><p class=\"isSelectedEnd\">We operate under international standards applicable to the marketing of food products, including US regulations such as FDA and PACA.<\/p><p class=\"isSelectedEnd\">It is the customer&#039;s responsibility to ensure compliance with the legal import requirements in their country or state.<\/p><div contenteditable=\"false\"><hr \/><\/div><h3>9. Intellectual Property<\/h3><p class=\"isSelectedEnd\">All content on this website (texts, images, design, logos) is owned by Kawi Global Sourcing, LLC or is used under license.<\/p><p class=\"isSelectedEnd\">Reproduction, distribution or use without prior authorization is prohibited.<\/p><div contenteditable=\"false\"><hr \/><\/div><h3>10. Limitation of liability<\/h3><p class=\"isSelectedEnd\">Kawi Global will not be responsible for:<\/p><ul data-spread=\"false\"><li>Indirect losses or damages arising from the use of the site<\/li><li>Logistical delays caused by third parties<\/li><li>Variations in product quality or availability<\/li><\/ul><p class=\"isSelectedEnd\">Use of the site is at your own risk.<\/p><div contenteditable=\"false\"><hr \/><\/div><h3>11. Links to third parties<\/h3><p class=\"isSelectedEnd\">This site may contain links to third parties. We have no control over their content and assume no responsibility for their practices.<\/p><div contenteditable=\"false\"><hr \/><\/div><h3>12. Modifications<\/h3><p class=\"isSelectedEnd\">We reserve the right to modify these Terms and Conditions at any time. Updates will be posted on this page.<\/p><div contenteditable=\"false\"><hr \/><\/div><h3>13. Applicable Law<\/h3><p class=\"isSelectedEnd\">These Terms are governed by the laws of the State of Florida, United States.<\/p><div contenteditable=\"false\"><hr \/><\/div><h3>14. Contact information<\/h3><p class=\"isSelectedEnd\">For inquiries related to these Terms and Conditions:<\/p><p><strong>Kawi Global Sourcing, LLC<\/strong><br \/>\ud83d\udccd 150 SE 2nd Ave STE 1403 #6374 Miami, Florida, 33131, United States<br \/>\ud83d\udcde (305) 686-9197<br \/>\ud83d\udce7 <a href=\"mailto:info@kawiglobal.com\">info@kawiglobal.com<\/a><\/p>\t\t\t\t\t\t\t\t<\/div>\n\t\t\t\t<\/div>\n\t\t\t\t\t<\/div>\n\t\t\t\t<\/div>\n\t\t\t\t<\/div>","protected":false},"excerpt":{"rendered":"<p>T\u00c9RMINOS Y CONDICIONES Kawi Global Sourcing, LLC\u00daltima actualizaci\u00f3n: Abril 2026 1. Aceptaci\u00f3n de los t\u00e9rminos Al acceder y utilizar este sitio web, usted acepta cumplir con los presentes T\u00e9rminos y Condiciones. Si no est\u00e1 de acuerdo con alguno de ellos, le recomendamos no utilizar este sitio. 2. Naturaleza del servicio Kawi Global Sourcing, LLC es [&hellip;]<\/p>\n","protected":false},"author":1,"featured_media":0,"parent":0,"menu_order":0,"comment_status":"closed","ping_status":"closed","template":"","meta":{"footnotes":""},"class_list":["post-460","page","type-page","status-publish","hentry"],"_links":{"self":[{"href":"https:\/\/kawiglobal.com\/en\/wp-json\/wp\/v2\/pages\/460","targetHints":{"allow":["GET"]}}],"collection":[{"href":"https:\/\/kawiglobal.com\/en\/wp-json\/wp\/v2\/pages"}],"about":[{"href":"https:\/\/kawiglobal.com\/en\/wp-json\/wp\/v2\/types\/page"}],"author":[{"embeddable":true,"href":"https:\/\/kawiglobal.com\/en\/wp-json\/wp\/v2\/users\/1"}],"replies":[{"embeddable":true,"href":"https:\/\/kawiglobal.com\/en\/wp-json\/wp\/v2\/comments?post=460"}],"version-history":[{"count":4,"href":"https:\/\/kawiglobal.com\/en\/wp-json\/wp\/v2\/pages\/460\/revisions"}],"predecessor-version":[{"id":464,"href":"https:\/\/kawiglobal.com\/en\/wp-json\/wp\/v2\/pages\/460\/revisions\/464"}],"wp:attachment":[{"href":"https:\/\/kawiglobal.com\/en\/wp-json\/wp\/v2\/media?parent=460"}],"curies":[{"name":"wp","href":"https:\/\/api.w.org\/{rel}","templated":true}]}}