{"id":465,"date":"2026-04-09T04:45:01","date_gmt":"2026-04-09T04:45:01","guid":{"rendered":"https:\/\/kawiglobal.com\/?page_id=465"},"modified":"2026-04-09T04:45:53","modified_gmt":"2026-04-09T04:45:53","slug":"declaracion-de-accesibilidad","status":"publish","type":"page","link":"https:\/\/kawiglobal.com\/en\/declaracion-de-accesibilidad\/","title":{"rendered":"ACCESSIBILITY STATEMENT"},"content":{"rendered":"<style>.elementor-465 .elementor-element.elementor-element-98dd51b{--display:flex;--flex-direction:row;--container-widget-width:initial;--container-widget-height:100%;--container-widget-flex-grow:1;--container-widget-align-self:stretch;--flex-wrap-mobile:wrap;--gap:0px 0px;--row-gap:0px;--column-gap:0px;}.elementor-465 .elementor-element.elementor-element-98dd51b:not(.elementor-motion-effects-element-type-background), .elementor-465 .elementor-element.elementor-element-98dd51b > .elementor-motion-effects-container > .elementor-motion-effects-layer{background-color:#FFFFFF;}.elementor-465 .elementor-element.elementor-element-f512954{--display:flex;--flex-direction:column;--container-widget-width:100%;--container-widget-height:initial;--container-widget-flex-grow:0;--container-widget-align-self:initial;--flex-wrap-mobile:wrap;}.elementor-465 .elementor-element.elementor-element-d6654db .elementskit-section-title-wraper .elementskit-section-title{color:#012811;margin:0px 0px 0px 0px;font-family:\"Montserrat\", Sans-serif;font-size:38px;font-weight:500;text-transform:none;text-decoration:none;line-height:42px;}.elementor-465 .elementor-element.elementor-element-d6654db .elementskit-section-title-wraper .elementskit-section-title:hover{color:var( --e-global-color-c906346 );}.elementor-465 .elementor-element.elementor-element-d6654db .elementskit-section-title-wraper .elementskit-section-title > span{color:var( --e-global-color-c906346 );padding:0px 0px 0px 0px;}.elementor-465 .elementor-element.elementor-element-d6654db .elementskit-section-title-wraper .elementskit-section-title:hover > span{color:var( --e-global-color-c906346 );}.elementor-465 .elementor-element.elementor-element-d6654db .elementskit-section-title-wraper .elementskit-section-title span:last-child, .elementor-465 .elementor-element.elementor-element-d6654db .elementskit-section-title-wraper .elementskit-section-title > span{font-family:var( --e-global-typography-4bacfc4-font-family ), Sans-serif;font-size:var( --e-global-typography-4bacfc4-font-size );font-weight:var( --e-global-typography-4bacfc4-font-weight );text-transform:var( --e-global-typography-4bacfc4-text-transform );text-decoration:var( --e-global-typography-4bacfc4-text-decoration );line-height:var( --e-global-typography-4bacfc4-line-height );letter-spacing:var( --e-global-typography-4bacfc4-letter-spacing );word-spacing:var( --e-global-typography-4bacfc4-word-spacing );}.elementor-465 .elementor-element.elementor-element-d6654db{width:var( --container-widget-width, 1200px );max-width:1200px;--container-widget-width:1200px;--container-widget-flex-grow:0;}.elementor-465 .elementor-element.elementor-element-2004d74{column-gap:0px;text-align:start;color:#000000;width:100%;max-width:100%;}body.elementor-page-465:not(.elementor-motion-effects-element-type-background), body.elementor-page-465 > .elementor-motion-effects-container > .elementor-motion-effects-layer{background-color:#f5f0e7;}@media(max-width:1024px){.elementor-465 .elementor-element.elementor-element-d6654db .elementskit-section-title-wraper .elementskit-section-title span:last-child, .elementor-465 .elementor-element.elementor-element-d6654db .elementskit-section-title-wraper .elementskit-section-title > span{font-size:var( --e-global-typography-4bacfc4-font-size );line-height:var( --e-global-typography-4bacfc4-line-height );letter-spacing:var( --e-global-typography-4bacfc4-letter-spacing );word-spacing:var( --e-global-typography-4bacfc4-word-spacing );}}@media(max-width:767px){.elementor-465 .elementor-element.elementor-element-98dd51b{--padding-top:0px;--padding-bottom:0px;--padding-left:0px;--padding-right:0px;}.elementor-465 .elementor-element.elementor-element-d6654db .elementskit-section-title-wraper .elementskit-section-title{font-size:32px;line-height:36px;}.elementor-465 .elementor-element.elementor-element-d6654db .elementskit-section-title-wraper .elementskit-section-title span:last-child, .elementor-465 .elementor-element.elementor-element-d6654db .elementskit-section-title-wraper .elementskit-section-title > span{font-size:var( --e-global-typography-4bacfc4-font-size );line-height:var( --e-global-typography-4bacfc4-line-height );letter-spacing:var( --e-global-typography-4bacfc4-letter-spacing );word-spacing:var( --e-global-typography-4bacfc4-word-spacing );}.elementor-465 .elementor-element.elementor-element-2004d74{text-align:center;}}@media(min-width:768px){.elementor-465 .elementor-element.elementor-element-f512954{--width:100%;}}<\/style>\t\t<div data-elementor-type=\"wp-page\" data-elementor-id=\"465\" class=\"elementor elementor-465\" data-elementor-post-type=\"page\">\n\t\t\t\t<div class=\"elementor-element elementor-element-98dd51b e-flex e-con-boxed e-con e-parent\" data-id=\"98dd51b\" data-element_type=\"container\" data-e-type=\"container\" id=\"nosotros\" data-settings=\"{&quot;background_background&quot;:&quot;classic&quot;}\">\n\t\t\t\t\t<div class=\"e-con-inner\">\n\t\t<div class=\"elementor-element elementor-element-f512954 e-con-full e-flex e-con e-child\" data-id=\"f512954\" data-element_type=\"container\" data-e-type=\"container\">\n\t\t\t\t<div class=\"elementor-element elementor-element-d6654db elementor-widget__width-initial elementor-invisible elementor-widget elementor-widget-elementskit-heading\" data-id=\"d6654db\" data-element_type=\"widget\" data-e-type=\"widget\" data-settings=\"{&quot;_animation&quot;:&quot;fadeInUp&quot;}\" data-widget_type=\"elementskit-heading.default\">\n\t\t\t\t\t<div class=\"ekit-wid-con\" ><div class=\"ekit-heading elementskit-section-title-wraper text_left   ekit_heading_tablet-text_center   ekit_heading_mobile-\"><h2 class=\"ekit-heading--title elementskit-section-title\">ACCESSIBILITY STATEMENT<\/h2><\/div><\/div>\t\t\t\t<\/div>\n\t\t\t\t<div class=\"elementor-element elementor-element-2004d74 elementor-widget__width-inherit elementor-widget elementor-widget-text-editor\" data-id=\"2004d74\" data-element_type=\"widget\" data-e-type=\"widget\" data-widget_type=\"text-editor.default\">\n\t\t\t\t\t\t\t\t\t<p class=\"isSelectedEnd\"><strong>Kawi Global Sourcing, LLC<\/strong><br \/>Last updated: April 2026<\/p><div contenteditable=\"false\"><hr \/><\/div><h3>Our commitment<\/h3><p class=\"isSelectedEnd\">At Kawi Global Sourcing, LLC we are committed to ensuring that our website is accessible to all people, including those with disabilities.<\/p><p class=\"isSelectedEnd\">We continuously work to improve the browsing experience and implement accessibility standards that allow inclusive access to information and services.<\/p><div contenteditable=\"false\"><hr \/><\/div><h3>Standards applied<\/h3><p class=\"isSelectedEnd\">Our goal is to comply with the accessibility guidelines established in:<\/p><ul data-spread=\"false\"><li><strong>WCAG 2.1 (Web Content Accessibility Guidelines)<\/strong> at AA level<\/li><li>Recommended accessibility best practices for commercial websites<\/li><\/ul><div contenteditable=\"false\"><hr \/><\/div><h3>Measures implemented<\/h3><p class=\"isSelectedEnd\">To improve accessibility, we have implemented:<\/p><ul data-spread=\"false\"><li>Clear structure and intuitive navigation<\/li><li>Proper use of headings and content hierarchies<\/li><li>Appropriate color contrasts to facilitate reading<\/li><li>Keyboard navigation support<\/li><li>Descriptive labels in forms<\/li><li>Images with alternative text (where applicable)<\/li><\/ul><div contenteditable=\"false\"><hr \/><\/div><h3>Limitations<\/h3><p class=\"isSelectedEnd\">Despite our efforts, some content may not fully comply with the latest standards. We are in a continuous process of improvement.<\/p><div contenteditable=\"false\"><hr \/><\/div><h3>Assistance and contact<\/h3><p class=\"isSelectedEnd\">If you are having trouble accessing any part of our website or need assistance, you can contact us:<\/p><p class=\"isSelectedEnd\">\ud83d\udce7 <a href=\"mailto:info@kawiglobal.com\">info@kawiglobal.com<\/a><br \/>\ud83d\udcde (305) 686-9197<\/p><p class=\"isSelectedEnd\">We will do everything possible to provide you with the information or assistance you need through alternative means.<\/p><div contenteditable=\"false\"><hr \/><\/div><h3>Updates<\/h3><p>This statement may be updated periodically to reflect improvements or changes in our accessibility practices.<\/p>\t\t\t\t\t\t\t\t<\/div>\n\t\t\t\t<\/div>\n\t\t\t\t\t<\/div>\n\t\t\t\t<\/div>\n\t\t\t\t<\/div>","protected":false},"excerpt":{"rendered":"<p>DECLARACI\u00d3N DE ACCESIBILIDAD Kawi Global Sourcing, LLC\u00daltima actualizaci\u00f3n: Abril 2026 Nuestro compromiso En Kawi Global Sourcing, LLC estamos comprometidos en garantizar que nuestro sitio web sea accesible para todas las personas, incluyendo aquellas con discapacidades. Trabajamos continuamente para mejorar la experiencia de navegaci\u00f3n y aplicar est\u00e1ndares de accesibilidad que permitan un acceso inclusivo a la [&hellip;]<\/p>\n","protected":false},"author":1,"featured_media":0,"parent":0,"menu_order":0,"comment_status":"closed","ping_status":"closed","template":"","meta":{"footnotes":""},"class_list":["post-465","page","type-page","status-publish","hentry"],"_links":{"self":[{"href":"https:\/\/kawiglobal.com\/en\/wp-json\/wp\/v2\/pages\/465","targetHints":{"allow":["GET"]}}],"collection":[{"href":"https:\/\/kawiglobal.com\/en\/wp-json\/wp\/v2\/pages"}],"about":[{"href":"https:\/\/kawiglobal.com\/en\/wp-json\/wp\/v2\/types\/page"}],"author":[{"embeddable":true,"href":"https:\/\/kawiglobal.com\/en\/wp-json\/wp\/v2\/users\/1"}],"replies":[{"embeddable":true,"href":"https:\/\/kawiglobal.com\/en\/wp-json\/wp\/v2\/comments?post=465"}],"version-history":[{"count":4,"href":"https:\/\/kawiglobal.com\/en\/wp-json\/wp\/v2\/pages\/465\/revisions"}],"predecessor-version":[{"id":469,"href":"https:\/\/kawiglobal.com\/en\/wp-json\/wp\/v2\/pages\/465\/revisions\/469"}],"wp:attachment":[{"href":"https:\/\/kawiglobal.com\/en\/wp-json\/wp\/v2\/media?parent=465"}],"curies":[{"name":"wp","href":"https:\/\/api.w.org\/{rel}","templated":true}]}}